{"id":382,"date":"2016-03-12T16:44:23","date_gmt":"2016-03-12T15:44:23","guid":{"rendered":"http:\/\/redten.se\/?page_id=382"},"modified":"2017-06-15T07:46:27","modified_gmt":"2017-06-15T05:46:27","slug":"om-redten","status":"publish","type":"page","link":"https:\/\/redten.se\/?page_id=382","title":{"rendered":"Om Redten"},"content":{"rendered":"<p>Nina Gr\u00f6nhagen Tennis<\/p>\n<p>\u00c4r du intresserad av att b\u00f6rja spela tennis eller ta dig till n\u00e4sta niv\u00e5 i tenniskarri\u00e4ren!<\/p>\n<p>Tennisen \u00e4r en underbar sportaktivitet som ger mycket gl\u00e4dje skratt och t\u00e5rar<\/p>\n<p>Utveckla din tennis i grupp eller individuellt<\/p>\n<p>\u00c5lder och niv\u00e5 spelar ingen roll &#8221;bara viljan finns&#8221;<\/p>\n<p>Tennis f\u00f6r att det \u00e4r kul<\/p>\n<p>Mina kontaktuppgifter<\/p>\n<p>nina.redten@Yahoo.se<\/p>\n<p>0707667940<\/p>\n","protected":false},"excerpt":{"rendered":"<p>Nina Gr\u00f6nhagen Tennis \u00c4r du intresserad av att b\u00f6rja spela tennis eller ta dig till n\u00e4sta niv\u00e5 i tenniskarri\u00e4ren! Tennisen \u00e4r en underbar sportaktivitet som ger mycket gl\u00e4dje skratt och t\u00e5rar Utveckla din tennis i grupp eller individuellt \u00c5lder och niv\u00e5 spelar ingen roll &#8221;bara viljan finns&#8221; Tennis f\u00f6r att det \u00e4r kul Mina kontaktuppgifter [&hellip;]<\/p>\n","protected":false},"author":1,"featured_media":0,"parent":0,"menu_order":0,"comment_status":"closed","ping_status":"closed","template":"","meta":{"footnotes":""},"class_list":["post-382","page","type-page","status-publish","hentry"],"_links":{"self":[{"href":"https:\/\/redten.se\/index.php?rest_route=\/wp\/v2\/pages\/382","targetHints":{"allow":["GET"]}}],"collection":[{"href":"https:\/\/redten.se\/index.php?rest_route=\/wp\/v2\/pages"}],"about":[{"href":"https:\/\/redten.se\/index.php?rest_route=\/wp\/v2\/types\/page"}],"author":[{"embeddable":true,"href":"https:\/\/redten.se\/index.php?rest_route=\/wp\/v2\/users\/1"}],"replies":[{"embeddable":true,"href":"https:\/\/redten.se\/index.php?rest_route=%2Fwp%2Fv2%2Fcomments&post=382"}],"version-history":[{"count":3,"href":"https:\/\/redten.se\/index.php?rest_route=\/wp\/v2\/pages\/382\/revisions"}],"predecessor-version":[{"id":428,"href":"https:\/\/redten.se\/index.php?rest_route=\/wp\/v2\/pages\/382\/revisions\/428"}],"wp:attachment":[{"href":"https:\/\/redten.se\/index.php?rest_route=%2Fwp%2Fv2%2Fmedia&parent=382"}],"curies":[{"name":"wp","href":"https:\/\/api.w.org\/{rel}","templated":true}]}}